{"id":16,"date":"2024-08-13T14:46:53","date_gmt":"2024-08-13T14:46:53","guid":{"rendered":"https:\/\/tallerautocolor.net\/?page_id=16"},"modified":"2024-10-18T05:19:33","modified_gmt":"2024-10-18T05:19:33","slug":"contacto","status":"publish","type":"page","link":"https:\/\/tallerautocolor.net\/index.php\/contacto\/","title":{"rendered":"CONTACTO"},"content":{"rendered":"\n<div class=\"slider-wrapper relative\" id=\"slider-1210076721\" style=\"background-color:rgb(0, 0, 0);\">\n    <div class=\"slider slider-nav-circle slider-nav-large slider-nav-light slider-style-normal\"\n        data-flickity-options='{\n            \"cellAlign\": \"center\",\n            \"imagesLoaded\": true,\n            \"lazyLoad\": 1,\n            \"freeScroll\": false,\n            \"wrapAround\": true,\n            \"autoPlay\": 6000,\n            \"pauseAutoPlayOnHover\" : true,\n            \"prevNextButtons\": true,\n            \"contain\" : true,\n            \"adaptiveHeight\" : true,\n            \"dragThreshold\" : 10,\n            \"percentPosition\": true,\n            \"pageDots\": true,\n            \"rightToLeft\": false,\n            \"draggable\": true,\n            \"selectedAttraction\": 0.1,\n            \"parallax\" : 0,\n            \"friction\": 0.6        }'\n        >\n        \n\n\n  <div class=\"banner has-hover is-full-height has-slide-effect slide-zoom-in\" id=\"banner-598167681\">\n          <div class=\"banner-inner fill\">\n        <div class=\"banner-bg fill\" >\n            <div class=\"bg fill bg-fill \"><\/div>\n                        <div class=\"overlay\"><\/div>            \n                    <\/div>\n\t\t\n        <div class=\"banner-layers container\">\n            <div class=\"fill banner-link\"><\/div>            \n\n   <div id=\"text-box-678344159\" class=\"text-box banner-layer x50 md-x50 lg-x50 y50 md-y50 lg-y50 res-text\">\n              <div data-parallax=\"2\" data-parallax-fade=\"true\">       <div data-animate=\"fadeInUp\">           <div class=\"text-box-content text dark\">\n              \n              <div class=\"text-inner text-center\">\n                  \n\n<h2 class=\"text-align-center\" style=\"text-align: center;\">Contactar<\/h2>\n\n              <\/div>\n           <\/div>\n       <\/div>       <\/div>              \n<style>\n#text-box-678344159 {\n  width: 100%;\n}\n#text-box-678344159 .text-box-content {\n  font-size: 100%;\n}\n@media (min-width:550px) {\n  #text-box-678344159 {\n    width: 58%;\n  }\n}\n<\/style>\n    <\/div>\n \n\n        <\/div>\n      <\/div>\n\n            \n<style>\n#banner-598167681 {\n  padding-top: 100%;\n  background-color: rgb(35, 35, 35);\n}\n#banner-598167681 .bg.bg-loaded {\n  background-image: url(https:\/\/tallerautocolor.net\/wp-content\/uploads\/2024\/10\/Contacoto-taller-auto-color-panama-640w.jpg);\n}\n#banner-598167681 .overlay {\n  background-color: rgba(0, 0, 0, 0.17);\n}\n#banner-598167681 .bg {\n  background-position: 44% 34%;\n}\n#banner-598167681 .ux-shape-divider--top svg {\n  height: 150px;\n  --divider-top-width: 100%;\n}\n#banner-598167681 .ux-shape-divider--bottom svg {\n  height: 150px;\n  --divider-width: 100%;\n}\n<\/style>\n  <\/div>\n\n\n\n     <\/div>\n\n     <div class=\"loading-spin dark large centered\"><\/div>\n\n     \t<\/div>\n\n\n\t<section class=\"section dark\" id=\"section_1831100154\">\n\t\t<div class=\"bg section-bg fill bg-fill  bg-loaded\" >\n\n\t\t\t\n\t\t\t\n\t\t\t\n\n\t\t<\/div>\n\n\t\t\n\n\t\t<div class=\"section-content relative\">\n\t\t\t\n\n<div class=\"row\"  id=\"row-101380648\">\n\n\n\t<div id=\"col-1265535785\" class=\"col medium-4 small-12 large-4\"  data-animate=\"fadeInUp\">\n\t\t\t\t<div class=\"col-inner\"  >\n\t\t\t\n\t\t\t\n\n\n\t\t<div class=\"icon-box featured-box icon-box-center text-center\"  style=\"margin:px px px px;\">\n\t\t\t\t\t<div class=\"icon-box-img has-icon-bg\" style=\"width: 42px\">\n\t\t\t\t<div class=\"icon\">\n\t\t\t\t\t<div class=\"icon-inner\" style=\"border-width:2px;color:rgb(143, 143, 143);\">\n\t\t\t\t\t\t\t\t\t\t\t<\/div>\n\t\t\t\t<\/div>\n\t\t\t<\/div>\n\t\t\t\t<div class=\"icon-box-text last-reset\">\n\t\t\t\t\t\t\t\t\t\n\n\t<div id=\"text-2748889238\" class=\"text\">\n\t\t\n\n<h5 class=\"text-align-center\">Vis\u00edtanos en nuestra sucursal <br \/>para una atenci\u00f3n inmediata y <br \/>brindar toda la informaci\u00f3n o <br \/>documentaci\u00f3n necesaria<\/h5>\n\t\t\n<style>\n#text-2748889238 {\n  text-align: center;\n  color: rgb(0,0,0);\n}\n#text-2748889238 > * {\n  color: rgb(0,0,0);\n}\n<\/style>\n\t<\/div>\n\t\n\t<div id=\"text-1201784550\" class=\"text\">\n\t\t\n\n<h5 class=\"text-align-center\" style=\"text-align: center;\">V\u00eda Fern\u00e1ndez de C\u00f3rdoba , <br \/>frente a plaza Toledo<\/h5>\n\t\t\n<style>\n#text-1201784550 {\n  text-align: center;\n  color: rgb(0,0,0);\n}\n#text-1201784550 > * {\n  color: rgb(0,0,0);\n}\n<\/style>\n\t<\/div>\n\t\n\n\t\t<\/div>\n\t<\/div>\n\t\n\t\n\n\t\t<\/div>\n\t\t\t\t\t<\/div>\n\n\t\n\n\t<div id=\"col-1351546406\" class=\"col medium-4 small-12 large-4\"  data-animate=\"fadeInUp\">\n\t\t\t\t<div class=\"col-inner\"  >\n\t\t\t\n\t\t\t\n\n\n\t\t<div class=\"icon-box featured-box icon-box-center text-center\"  style=\"margin:px px px px;\">\n\t\t\t\t\t<div class=\"icon-box-img has-icon-bg\" style=\"width: 42px\">\n\t\t\t\t<div class=\"icon\">\n\t\t\t\t\t<div class=\"icon-inner\" style=\"border-width:2px;color:rgb(143, 143, 143);\">\n\t\t\t\t\t\t\t\t\t\t\t<\/div>\n\t\t\t\t<\/div>\n\t\t\t<\/div>\n\t\t\t\t<div class=\"icon-box-text last-reset\">\n\t\t\t\t\t\t\t\t\t\n\n\t<div id=\"text-2956971786\" class=\"text\">\n\t\t\n\n<h5 class=\"text-align-center size-15 m-size-15\" style=\"text-align: center;\"><span class=\"font-size-15 m-font-size-15\">Te brindamos mas alternativas para comunicarte con <br \/>nosotros escr\u00edbenos tus sugerencias o consultas a nuestra <br \/>cuenta personal y estaremos pronto contigo<\/span><\/h5>\n\t\t\n<style>\n#text-2956971786 {\n  text-align: center;\n  color: rgb(0,0,0);\n}\n#text-2956971786 > * {\n  color: rgb(0,0,0);\n}\n<\/style>\n\t<\/div>\n\t\n\t<div id=\"text-2782332151\" class=\"text\">\n\t\t\n\n<h5 class=\"text-align-center size-15 m-size-15\" style=\"text-align: center;\"><span class=\"font-size-15 m-font-size-15\">info@tallerautocolor.com<\/span><\/h5>\n\t\t\n<style>\n#text-2782332151 {\n  text-align: center;\n  color: rgb(0,0,0);\n}\n#text-2782332151 > * {\n  color: rgb(0,0,0);\n}\n<\/style>\n\t<\/div>\n\t\n\n\t\t<\/div>\n\t<\/div>\n\t\n\t\n\n\t\t<\/div>\n\t\t\t\t\t<\/div>\n\n\t\n\n\t<div id=\"col-689615668\" class=\"col medium-4 small-12 large-4\"  data-animate=\"fadeInUp\">\n\t\t\t\t<div class=\"col-inner\"  >\n\t\t\t\n\t\t\t\n\n\n\t\t<div class=\"icon-box featured-box icon-box-center text-center\"  style=\"margin:px px px px;\">\n\t\t\t\t\t<div class=\"icon-box-img has-icon-bg\" style=\"width: 42px\">\n\t\t\t\t<div class=\"icon\">\n\t\t\t\t\t<div class=\"icon-inner\" style=\"border-width:2px;color:rgb(143, 143, 143);\">\n\t\t\t\t\t\t\t\t\t\t\t<\/div>\n\t\t\t\t<\/div>\n\t\t\t<\/div>\n\t\t\t\t<div class=\"icon-box-text last-reset\">\n\t\t\t\t\t\t\t\t\t\n\n\t<div id=\"text-1352046610\" class=\"text\">\n\t\t\n\n<h5 class=\"text-align-center\" style=\"text-align: center;\"><span class=\"\">\u00bfNecesitas consultor\u00eda?<br \/><\/span><span class=\"\">Para informaci\u00f3n sobres servicios, documentaci\u00f3n, <br \/>aseguradoras y mucho m\u00e1s..<br \/><\/span>comun\u00edcate con nuestros expertos<\/h5>\n\t\t\n<style>\n#text-1352046610 {\n  text-align: center;\n  color: rgb(0,0,0);\n}\n#text-1352046610 > * {\n  color: rgb(0,0,0);\n}\n<\/style>\n\t<\/div>\n\t\n\t<div id=\"text-1674995106\" class=\"text\">\n\t\t\n\n<h5 class=\"text-align-center\" style=\"text-align: center;\">+507 304-7800 \/ +507 6099.0900<\/h5>\n\t\t\n<style>\n#text-1674995106 {\n  text-align: center;\n  color: rgb(0,0,0);\n}\n#text-1674995106 > * {\n  color: rgb(0,0,0);\n}\n<\/style>\n\t<\/div>\n\t\n\n\t\t<\/div>\n\t<\/div>\n\t\n\t\n\n\t\t<\/div>\n\t\t\t\t\t<\/div>\n\n\t\n\n<\/div>\n\n\t\t<\/div>\n\n\t\t\n<style>\n#section_1831100154 {\n  padding-top: 60px;\n  padding-bottom: 60px;\n  background-color: rgb(255,255,255);\n}\n#section_1831100154 .ux-shape-divider--top svg {\n  height: 150px;\n  --divider-top-width: 100%;\n}\n#section_1831100154 .ux-shape-divider--bottom svg {\n  height: 150px;\n  --divider-width: 100%;\n}\n<\/style>\n\t<\/section>\n\t\n\n","protected":false},"excerpt":{"rendered":"","protected":false},"author":1,"featured_media":0,"parent":0,"menu_order":0,"comment_status":"closed","ping_status":"closed","template":"page-transparent-header-light.php","meta":{"_joinchat":[],"footnotes":""},"class_list":["post-16","page","type-page","status-publish","hentry"],"_links":{"self":[{"href":"https:\/\/tallerautocolor.net\/index.php\/wp-json\/wp\/v2\/pages\/16","targetHints":{"allow":["GET"]}}],"collection":[{"href":"https:\/\/tallerautocolor.net\/index.php\/wp-json\/wp\/v2\/pages"}],"about":[{"href":"https:\/\/tallerautocolor.net\/index.php\/wp-json\/wp\/v2\/types\/page"}],"author":[{"embeddable":true,"href":"https:\/\/tallerautocolor.net\/index.php\/wp-json\/wp\/v2\/users\/1"}],"replies":[{"embeddable":true,"href":"https:\/\/tallerautocolor.net\/index.php\/wp-json\/wp\/v2\/comments?post=16"}],"version-history":[{"count":5,"href":"https:\/\/tallerautocolor.net\/index.php\/wp-json\/wp\/v2\/pages\/16\/revisions"}],"predecessor-version":[{"id":82,"href":"https:\/\/tallerautocolor.net\/index.php\/wp-json\/wp\/v2\/pages\/16\/revisions\/82"}],"wp:attachment":[{"href":"https:\/\/tallerautocolor.net\/index.php\/wp-json\/wp\/v2\/media?parent=16"}],"curies":[{"name":"wp","href":"https:\/\/api.w.org\/{rel}","templated":true}]}}